{"id":1693,"date":"2018-10-11T11:17:41","date_gmt":"2018-10-11T11:17:41","guid":{"rendered":"http:\/\/www.arquitecturaygastronomia.com\/?page_id=1693"},"modified":"2018-10-16T08:41:59","modified_gmt":"2018-10-16T08:41:59","slug":"politica-de-privacidad","status":"publish","type":"page","link":"https:\/\/www.arquitecturaygastronomia.com\/eu\/politica-de-privacidad\/","title":{"rendered":"Pribatutasun politika"},"content":{"rendered":"<p>La UNIVERSIDAD DEL PA\u00cdS VASCO \u2013 EUSKAL HERRIKO UNIBERTSITATEA pone en conocimiento de los usuarios de este sitio que podr\u00e1 crear un archivo automatizado con los datos personales que sean facilitados a la misma como consecuencia de la utilizaci\u00f3n del presente sitio web y en estricto cumplimiento con lo preceptuado en la legislaci\u00f3n en materia de protecci\u00f3n de datos.<\/p>\n<p>Los usuarios garantizan la veracidad y autenticidad de las informaciones y datos que comuniquen en virtud de la utilizaci\u00f3n de este sitio web. En este sentido, ser\u00e1 de obligaci\u00f3n de los usuarios el mantener actualizados las informaciones y datos de forma tal que correspondan a la realidad en cada momento. Cualquier manifestaci\u00f3n falsa o inexacta que se produzca como consecuencia de las informaciones y datos manifestados as\u00ed como los perjuicios que tal informaci\u00f3n pudiera causar ser\u00e1 responsabilidad de los usuarios.<\/p>\n<p>En cumplimiento de lo dispuesto en la Ley Org\u00e1nica 15\/99, de 13 de diciembre, de Protecci\u00f3n de Datos de Car\u00e1cter Personal, se informa que los datos de car\u00e1cter personal ser\u00e1n recopilados y archivados en un fichero de datos cuyo responsable es la Gerencia de la UNIVERSIDAD DEL PA\u00cdS VASCO \u2013 EUSKAL HERRIKO UNIBERTSITATEA.<\/p>\n<p>Los usuarios podr\u00e1n ejercitar, en cualquier momento, los derechos de acceso, rectificaci\u00f3n, cancelaci\u00f3n y oposici\u00f3n de sus datos recopilados y archivados. El ejercicio de estos derechos deber\u00e1 efectuarse mediante comunicaci\u00f3n escrita dirigida al Responsable de seguridad LOPD de la UNIVERSIDAD DEL PA\u00cdS VASCO \u2013 EUSKAL HERRIKO UNIBERTSITATEA. El ejercicio de estos derechos no afectara en modo alguno al acceso a la p\u00e1gina web ni, en su caso, a la condici\u00f3n de abonado del usuario.<\/p>\n<p>Los datos registrados podr\u00e1n ser utilizados con la finalidad de efectuar estad\u00edsticas, la remisi\u00f3n de informaci\u00f3n cient\u00edfica, la gesti\u00f3n de incidencias o la realizaci\u00f3n de estudios de mercado, adem\u00e1s de para las que expresamente se hayan recabado los datos.<\/p>\n<p>En su caso, los datos de car\u00e1cter personal facilitados por los usuarios podr\u00e1n ser comunicados a un tercero s\u00f3lo para el cumplimiento de los fines se\u00f1alados anteriormente, ajust\u00e1ndose a lo establecido en los art\u00edculos 11 y 21 de la Ley Org\u00e1nica 15\/1999 de Protecci\u00f3n de Datos de Car\u00e1cter Personal, recab\u00e1ndose, en todo caso, el consentimiento de los interesados cuando este sea necesario.<\/p>\n<p>Al facilitar los datos de car\u00e1cter personal a la UNIVERSIDAD DEL PA\u00cdS VASCO \u2013 EUSKAL HERRIKO UNIBERTSITATEA, los usuarios declaran aceptar plenamente y sin reservas el tratamiento de los mismos por parte de la UNIVERSIDAD DEL PA\u00cdS VASCO \u2013 EUSKAL HERRIKO UNIBERTSITATEA.<\/p>\n<p>La UNIVERSIDAD DEL PA\u00cdS VASCO \u2013 EUSKAL HERRIKO UNIBERTSITATEA se compromete a cumplir con la obligaci\u00f3n de guardar secreto respecto de los datos de car\u00e1cter personal objeto de tratamiento y declara su intenci\u00f3n de poner en pr\u00e1ctica las medidas de \u00edndole t\u00e9cnica y organizativas necesarias para garantizar la seguridad de los datos de car\u00e1cter personal y evitar su alteraci\u00f3n, p\u00e9rdida, tratamiento o acceso no autorizado, habida cuenta del estado de la tecnolog\u00eda, la naturaleza de los datos almacenados y los riesgos a que est\u00e1n expuestos, ya provengan de la acci\u00f3n humana o del medio f\u00edsico o natural.<\/p>","protected":false},"excerpt":{"rendered":"<p>La UNIVERSIDAD DEL PA\u00cdS VASCO \u2013 EUSKAL HERRIKO UNIBERTSITATEA pone en conocimiento de los usuarios de este sitio que podr\u00e1 [&hellip;]<\/p>\n","protected":false},"author":1,"featured_media":0,"parent":0,"menu_order":0,"comment_status":"closed","ping_status":"closed","template":"page-templates\/full-width.php","meta":[],"_links":{"self":[{"href":"https:\/\/www.arquitecturaygastronomia.com\/eu\/wp-json\/wp\/v2\/pages\/1693"}],"collection":[{"href":"https:\/\/www.arquitecturaygastronomia.com\/eu\/wp-json\/wp\/v2\/pages"}],"about":[{"href":"https:\/\/www.arquitecturaygastronomia.com\/eu\/wp-json\/wp\/v2\/types\/page"}],"author":[{"embeddable":true,"href":"https:\/\/www.arquitecturaygastronomia.com\/eu\/wp-json\/wp\/v2\/users\/1"}],"replies":[{"embeddable":true,"href":"https:\/\/www.arquitecturaygastronomia.com\/eu\/wp-json\/wp\/v2\/comments?post=1693"}],"version-history":[{"count":4,"href":"https:\/\/www.arquitecturaygastronomia.com\/eu\/wp-json\/wp\/v2\/pages\/1693\/revisions"}],"predecessor-version":[{"id":1699,"href":"https:\/\/www.arquitecturaygastronomia.com\/eu\/wp-json\/wp\/v2\/pages\/1693\/revisions\/1699"}],"wp:attachment":[{"href":"https:\/\/www.arquitecturaygastronomia.com\/eu\/wp-json\/wp\/v2\/media?parent=1693"}],"curies":[{"name":"wp","href":"https:\/\/api.w.org\/{rel}","templated":true}]}}